{"id":13,"date":"2006-12-03T16:31:31","date_gmt":"2006-12-03T14:31:31","guid":{"rendered":"http:\/\/pneumovital.de\/1\/"},"modified":"2018-05-05T00:05:43","modified_gmt":"2018-05-04T22:05:43","slug":"lungenarztpraxis","status":"publish","type":"page","link":"http:\/\/pneumovital.de\/?page_id=13","title":{"rendered":"Lungenarztpraxis am Rathaus Neuk\u00f6lln"},"content":{"rendered":"<p>Herzlich Willkommen im Web-Blog des Praxisteams der Fachpraxis f\u00fcr Lungen- und Bronchialheilkunde (Pneumologie), Allergologie und Umweltmedizin am Rathaus Neuk\u00f6llnIch m\u00f6chte mich zun\u00e4chst vorstellen:<\/p>\n<p style=\"text-align: center;\"><img decoding=\"async\" src=\"http:\/\/pneumovital.de\/wp-content\/uploads\/2006\/12\/sprechstunde.thumbnail.jpg\" \/><\/p>\n<p>Dr. med. Rainer Gebhardt, *1961 in Berlin-Neuk\u00f6lln, Praxisanschrift: Karl-Marx-Str. 80, 12043 Berlin,Tel.: 030 &#8211; 624 37 62Nach einem 6-j\u00e4hrigen Studium der Medizin an der Freien Universit\u00e4t Berlin habe ich 1985 das Staatsexamen im Fach Humanmedizin ablegt und die Approbation als Arzt durch die \u00c4rztekammer Berlin (Berufsordnung) erhalten. Die Promotion erfolgte 1987 nach Vorlage einer Doktorarbeit zum Thema Lungenembolie.Meine Weiterbildung zum Arzt f\u00fcr Lungen- und Bronchialheilkunde erfolgte 1986 bis zur Facharztpr\u00fcfung 1990 in der Lungenklinik Heckeshorn, Zum Heckeshorn 33, 14109 Berlin-Wannsee, in den Abteilungen f\u00fcr Thoraxchirurgie (ChA Prof. Kaiser), Pneumologie I (ChA Prof. Lode) und Pneumologie II (ChA Prof. Loddenkemper). Die Anerkennung der Zusatzbezeichnung &#8222;Allergologie&#8220; durch die \u00c4rztekammer Berlin erfolgte 1991, &#8220; Umweltmedizin&#8220; 1997. Im Oktober 2007 erfolgte die Anerkennung der theoretischen und praktischen Fortbildung nach dem Curriculum &#8222;Ern\u00e4hrungsmedizin&#8220; der Bundes\u00e4rztekammer.Die Praxis wird von mir seit dem 1.4.1991 nach Zulassung bei der Kassen\u00e4rztlichen Vereinigung Berlin gef\u00fchrt.Ich bin Mitglied in der Deutschen Gesellschaft f\u00fcr Pneumologie und Beatmungsmedizin (DGP), der Deutschen Atemwegsliga, im (deutschen) Berufsverband der Pneumologen, in der European Respiratory Society (ERS) und der European Lung Foundation, sowie in der Arbeitsgemeinschaft der Sozialdemokraten im Gesundheitswesen (AGS) in Berlin.Dr. Michael Petri, Jahrgang 1953 ist seit 2000 im Rahmen einer Praxisgemeinschaft nach Zulassung durch die kassen\u00e4rztliche Vereinigung Berlin als Facharzt f\u00fcr Innere Medizin t\u00e4tig. Das Grundstudium der Humanmedizin erfolgte an der Freien Universit\u00e4t Berlin bis zur Approbation als Arzt am 10.12.1987 durch die \u00c4rztekammer Berlin (Berufsordnung). Die Promotion wurde erfolgreich am 12.12.1987 mit der Doktorarbeit zum Thema &#8222;Epidemiologie invasiver Mykosen auf Intensivstationen&#8220; abgeschlossen. Die Weiterbildung zum Arzt f\u00fcr Innere Medizin (Facharztanerkennung Innere Medizin am 3.11.1999) fand im Klinikum Steglitz der Freien Universit\u00e4t Berlin und dem St\u00e4dtischen Krankenhaus Berlin-Zehlendorf in den \u00f6rtlichen Bereichen Behring und Heckeshorn statt. Die Weiterbildung in der Pneumologie wurde ebenfalls in der Lungenklinik Heckeshorn durchgef\u00fchrt (1988-1999). Die Anerkennung der nach der neuen Weiterbildungsordnung neu geschaffenen Zusatzbezeichnung Schlafmedizin erfolgte im Mai 2007. Im Oktober 2007 erfolgte die Anerkennung der Fortbildung nach dem Curriculum &#8222;Ern\u00e4hrungsmedizin&#8220; der Bundes\u00e4rztekammer.Im Praxisteam k\u00fcmmern sich unsere examinierten Arzthelferinnen um Ihre Gesundheit:<\/p>\n<p align=\"center\"><img decoding=\"async\" src=\"http:\/\/www.praxis-gebhardt.de\/Bild%203.jpg\" \/><\/p>\n<p>Beate Pritz, Claudia Buchwald, Katrin Schneider, Stefanie Theim, und Gabriela Gebhardt. Als studentischer Mitarbeiter verst\u00e4rkt Andreas Gebhardt unser Praxisteam in der Patientenbetreuung, bei klinische Studien und bei der Patientenschulung.\u00a0<span class=\"Apple-style-span\" style=\"font-family: Times; line-height: normal; font-size: medium; -webkit-border-horizontal-spacing: 2px; -webkit-border-vertical-spacing: 2px;\">Angelina Gebhardt k\u00fcmmert sich als studentische Mitarbeiterin um die Verwaltung der Disease Managementprogramme (DMP\u00b4s) f\u00fcr Asthma und COPD.<\/span>Um die Sauberkeit in unserer Praxis k\u00fcmmert sich Dieter Luther.Die vorgeschriebenen regelm\u00e4\u00dfigen Sicherheitspr\u00fcfungen und Eichungen werden durch den Dipl. Ing. Dieter Wendt als Sachverst\u00e4ndigem f\u00fcr Medizinger\u00e4te durchgef\u00fchrt.F\u00fcr weitere Informationen \u00fcber die Lungenarztpraxis am Rathaus Neuk\u00f6lln besuchen Sie bitte <a href=\"http:\/\/www.praxis-gebhardt.de\"><strong>unsere Internetseite<\/strong><\/a>&#8212;&#8212;&#8212;&#8212;&#8212;&#8212;&#8212;&#8212;&#8212;&#8212;&#8212;&#8212;&#8212;&#8212;&#8212;&#8212;&#8212;&#8212;&#8212;&#8212;&#8212;&#8212;&#8212;&#8212;&#8212;&#8212;&#8212;&#8212;&#8212;&#8212;&#8212;&#8212;&#8212;&#8212;&#8212;&#8212;&#8212;&#8212;&#8212;&#8211;ImpressumDr. Rainer GebhardtKarl-Marx-Str. 80D &#8211; 12043 BerlinTel. +49 (0)30 624 37 62Fax +49 (0)30 623 42 85info@atemwegszentrum.de.deVerantwortlichkeitPers\u00f6nlich verantwortlich im Sinne des Mediendienststaatsvertrages(\u00a7 6 Abs. 2) f\u00fcr die Homepage www.atemwegszentrum.de ist Dr. Rainer Gebhardt.HaftungWir weisen darauf hin, dass die auf diesen Seiten enthaltenen Beitr\u00e4ge lediglich der Information dienen. Es wird keine Gew\u00e4hr auf Vollst\u00e4ndigkeit und Aktualit\u00e4t der Inhalte \u00fcbernommen. Zur Ver\u00f6ffentlichung und Verbreitung jeglicher Inhalte bedarf es der ausdr\u00fccklichen Zustimmung von Dr. Rainer Gebhardt. \u00a9 2009Datenschutzerkl\u00e4rung:Wir, das Atemwegszentrum Berlin Neuk\u00f6lln von Dr. Rainer Gebhardt und Dr. Michael Petri, Karl-Marx-Str. 80, D &#8211; 12043 Berlin nehmen den Schutz Ihrer pers\u00f6nlichen Daten sehr ernst und halten uns strikt an die Regeln der Datenschutzgesetze. Personenbezogene Daten werden auf dieser Webseite nur im technisch notwendigen Umfang erhoben. In keinem Fall werden die erhobenen Daten verkauft oder aus anderen Gr\u00fcnden an Dritte weitergegeben. Dies gilt ebenfalls f\u00fcr uns zugesandte E-Mails. Die \u00e4rztliche Schweigepflicht hat h\u00f6chste Priorit\u00e4tDie nachfolgende Erkl\u00e4rung gibt Ihnen einen \u00dcberblick dar\u00fcber, wie wir diesen Schutz gew\u00e4hrleisten und welche Art von Daten zu welchem Zweck erhoben werden.Datenverarbeitung auf dieser InternetseiteDas Atemwegszentrum Berlin-Neuk\u00f6lln erhebt und speichert automatisch in ihren Server Log Files Informationen, die Ihr Browser an uns \u00fcber unseren Provider 1und1 \u00fcbermittelt. Dies sind:- Browsertyp\/ -version- verwendetes Betriebssystem- Referrer URL (die zuvor besuchte Seite)- Hostname des zugreifenden Rechners (IP Adresse)- Uhrzeit der Serveranfrage.Diese Daten sind f\u00fcr das Atemwegszentrum Berlin-Neuk\u00f6lln nicht bestimmten Personen zuordenbar. Eine Zusammenf\u00fchrung dieser Daten mit anderen Datenquellen wird nicht vorgenommen, die Daten werden zudem nach einer statistischen Auswertung gel\u00f6scht.AuskunftsrechtSie haben jederzeit das Recht auf Auskunft \u00fcber die bez\u00fcglich Ihrer Person gespeicherten Daten, deren Herkunft und Empf\u00e4nger sowie den Zweck der Speicherung.Weitere InformationenIhr Vertrauen ist uns wichtig. Daher m\u00f6chten wir Ihnen jederzeit Rede und Antwort bez\u00fcglich der Verarbeitung Ihrer personenbezogenen Daten im Praxisbetrieb stehen. Wenn Sie Fragen haben, die Ihnen diese Datenschutzerkl\u00e4rung nicht beantworten konnte oder wenn Sie zu einem Punkt vertiefte Informationen w\u00fcnschen, wenden Sie sich bitte an uns. Dr. Rainer Gebhardt<\/p>\n<p>Aktualisierter Datenschutz Disclaimer:<\/p>\n<div class=\"page\" title=\"Page 1\">\n<div class=\"layoutArea\">\n<div class=\"column\">\n<p>Informationen \u00fcber die Erhebung personenbezogener Daten auf unserer Website<\/p>\n<p>Sehr geehrter Besucher unserer Website,<\/p>\n<p>wir m\u00f6chten Sie dar\u00fcber informieren, dass beim Besuch unserer Website personenbezogene Daten erhoben werden. Personenbezogen sind Daten, die auf sie pers\u00f6nlich beziehbar sind (z. B. Name, E-Mail, Nutzerverhalten).<\/p>\n<p>Verantwortlich f\u00fcr die Erhebung und Speicherung der Daten sind Dr. Rainer Gebhardt und Dr. Michael Petri jeweils f\u00fcr ihren Teil der Praxisgemeinschaft.. Sie erreichen sie unter der Praxisanschrift: Karl-Marx-Str. 80, 12043 Berlin, E-Mail: info@atemwegszentrum.de und Telefonnummer: 030-624 37 62.<\/p>\n<p>Weitere Informationen finden Sie unter dem men\u00fcpunkt Datenschutz auf dieser Internetseite<\/p>\n<p>Unserer Website dient ausschlie\u00dflich der Bereitstellung von Informationen \u00fcber unsere Praxis, unser Behandlungsspektrum und therapeutische M\u00f6glichkeiten bei verschiedenen Erkrankungen. Beim Besuch unserer Website werden nur die Daten erhoben, die von ihrem Browser an unseren Server \u00fcbermittelt werden. Diese Daten sind notwendig, damit sie unsere Website angezeigt bekommen und auf ihr navigieren k\u00f6nnen. Rechtsgrundlage f\u00fcr die Erhebung der Daten ist Art. 6 Abs. 1 f) EU-Datenschutz-Grundverordnung. Im Einzelnen werden folgende Daten beim Besuch unserer Website erhoben:<\/p>\n<p>! IP-Adresse<br \/>\n! Art des Browsers, sowie dessen Sprache und Version ! Betriebssystem<br \/>\n! Zugriffstatus\/http-Statuscode<br \/>\n! Datum und Uhrzeit der Anfrage, sowie die Zeitzone<br \/>\n! Inhalt der Anforderung und Website von der sie kommt ! \u00dcbertragene Datenmenge<\/p>\n<p>Die L\u00f6schung dieser Daten erfolgt, wenn diese nicht mehr erforderlich sind.<\/p>\n<p>Ihre Rechte<br \/>\nSie haben uns gegen\u00fcber folgende Rechte, hinsichtlich der bei uns \u00fcber Sie gespeicherten<\/p>\n<p>Daten:<\/p>\n<p>! RechtaufBerichtigungundL\u00f6schung<br \/>\n! RechtaufAuskunft<br \/>\n! RechtaufEinschr\u00e4nkungderVerarbeitung<br \/>\n! RechtaufDaten\u00fcbertragbarkeit<br \/>\n! RechtaufWiderspruchgegendieVerarbeitung<\/p>\n<p>Ihnen steht weiterhin ein Beschwerderecht beim Landesbeauftragten f\u00fcr den Datenschutz und die Informationsfreiheit in Baden-W\u00fcrttemberg zu.<\/p>\n<p>Cookies<\/p>\n<p>Zus\u00e4tzlich zu diesen Daten nutzen wir \u00fcber unsere Website auch Cookies. Dies sind kleine Textprogramme, die nach Besuch unserer Website auf ihrem Rechner (in ihrem Browser) gespeichert werden. Sollten sie unsere Website danach erneut besuchen, so sendet der von ihnen genutzte Browser die in dem Cookie gespeicherten Informationen an unsere Website und kann ihnen so bspw. die Navigation erleichtern, weil Voreinstellungen \u00fcbernommen werden. Cookies sind keine Viren, und k\u00f6nnen auch keine Schadsoftware auf dem Computer installieren. Sie sind nur kurze Texte, die zwischen Webserver und Browser ausgetauscht werden. Auf unserer Website werden folgende Arten von Cookies verwendet:<\/p>\n<\/div>\n<\/div>\n<\/div>\n<div class=\"page\" title=\"Page 2\">\n<div class=\"layoutArea\">\n<div class=\"column\">\n<ul>\n<li>! \u00a0Transiente Cookies (tempor\u00e4re Cookies)<br \/>\nDiese Cookies werden nur f\u00fcr den Zeitraum der Nutzung ihres Browsers gespeichert. Diese speichern eine sogenannte Session-ID, mit welcher sich verschiedene Anfragen Ihres Browsers der gemeinsamen Sitzung zuordnen lassen. Dadurch kann Ihr Rechner wiedererkannt werden, wenn Sie auf die Website zur\u00fcckkehren. Sobald sie den Browser schlie\u00dfen, werden auch diese Cookies automatisch gel\u00f6scht.<\/li>\n<li>! \u00a0Persistente Cookies (zeitlich beschr\u00e4nkte Cookies)<br \/>\nDiese Cookies unterscheiden sich von den Transienten Cookies lediglich dadurch, dass sie beim Schlie\u00dfen des Browsers nicht automatisch gel\u00f6scht werden, sondern erst nach einer voreingestellten Zeit. Sie k\u00f6nnen diese Cookies jedoch jederzeit \u00fcber die Einstellungen ihres Browsers l\u00f6schen.<\/p>\n<p>Grunds\u00e4tzlich k\u00f6nnen sie die Einstellungen ihres Browsers so konfigurieren, dass Cookies gar nicht oder nur eingeschr\u00e4nkt von diesem angenommen und gespeichert werden. Wenn sie von dieser M\u00f6glichkeit Gebrauch machen, kann es jedoch zu Einschr\u00e4nkungen bei der Nutzbarkeit unserer Website kommen.<\/p>\n<p>Kontaktformular<\/p>\n<p>Wenn Sie uns per Kontaktformular Terminw\u00fcnsche oder Anfragen zukommen lassen, werden die von Ihnen mitgeteilten Daten (E-Mail-Adresse, Name, Telefonnummer) gespeichert, um Ihre Fragen beantworten zu k\u00f6nnen. Diese Daten werden gel\u00f6scht, sobald sie nicht mehr ben\u00f6tigt werden und keine gesetzlichen Aufbewahrungspflichten bestehen. Dritten werden diese Daten nicht zug\u00e4nglich gemacht.<\/p>\n<p>Newsletter<\/p>\n<p>Wir bieten Ihnen \u00fcber unsere Website auch die Anmeldung zu einem Newsletter an. \u00dcber diesen Newsletter werden sie \u00fcber Aktionen und Neuigkeiten rund um unsere Praxis informiert. Die Anmeldung zu dem Newsletter erfolgt im sogenannten Double-opt-in- Verfahren. Dies bedeutet, dass Sie, sobald sie sich mit einer Email-Adresse registriert haben, eine Best\u00e4tigungs-E-Mail an diese E-Mail-Adresse zugeschickt bekommen. Dort ist ein Link eingef\u00fcgt. Erst mit Anklicken des dort eingef\u00fcgten Links ist die Anmeldung abgeschlossen. Sollten Sie den Link nicht anklicken, so verf\u00e4llt die Anmeldung und die Daten werden gel\u00f6scht. Nach der Best\u00e4tigung wird ihre angegebene E-Mail-Adresse zum Zwecke der Zusendung des Newsletters gespeichert. Rechtsgrundlage f\u00fcr diese Speicherung ist Art. 6 Abs. 1 a) EU-DSGVO.<\/p>\n<p>Die zum Zeitpunkt der Anmeldung von Ihnen genutzte IP-Adresse und der Zeitpunkt der Anmeldung, sowie die get\u00e4tigte Best\u00e4tigung werden von uns zum Nachweis der ordnungsgem\u00e4\u00dfen Anmeldung gespeichert.<\/p>\n<p>Die Anmeldung zum Erhalt des Newsletters k\u00f6nnen Sie jederzeit widerrufen und den Newsletter abbestellen. Den Widerruf k\u00f6nnen Sie uns \u00fcber einen Klick auf die in dem Newsletter bereitgestellte E-Mail-Adresse oder durch eine Nachricht an die im Impressum genannten Kontaktdaten zukommen lassen.<\/p>\n<p>Google Analytics<\/li>\n<\/ul>\n<\/div>\n<\/div>\n<div class=\"layoutArea\"><\/div>\n<\/div>\n<div class=\"page\" title=\"Page 3\">\n<div class=\"layoutArea\">\n<div class=\"column\">\n<p>Wir nutzen auf unserer Website Google Analytics. Google Analytics ist ein Webanalysedienst der Google Inc.. Google verwendet Cookies. Die mittels Cookies erzeugten Informationen \u00fcber die Nutzung der Website werden in der Regel an einen Server von Google in den USA \u00fcbertragen und dort gespeichert.<\/p>\n<p>Google nutzt diese Informationen in unserem Auftrag, um die Nutzung unseres Onlineangebotes auszuwerten und um weitere mit der Nutzung dieses Onlineangebotes und der Internetnutzung verbundene Dienstleistungen uns gegen\u00fcber zu erbringen.<br \/>\nWir haben Google Analytics um den Code \u201eanonymizeIP\u201c erweitert. Das bedeutet, die IP- Adresse der Nutzer wird von Google innerhalb von Mitgliedstaaten der Europ\u00e4ischen Union oder in anderen Vertragsstaaten des Abkommens \u00fcber den Europ\u00e4ischen Wirtschaftsraum gek\u00fcrzt. In Ausnahmef\u00e4llen wird die volle IP-Adresse an einen Server von Google in den USA \u00fcbertragen und dort gek\u00fcrzt. Durch die Code Erweiterung \u201eanonymizeIp\u201c werden die letzten 8bit der IP-Adresse der Nutzer gekappt. Durch den Einsatz dieses Codes ist nur noch eine grobe Lokalisierung der Nutzer m\u00f6glich. Die von dem Browser des Nutzers \u00fcbermittelte IP-Adresse wird nicht mit anderen Daten von Google zusammengef\u00fchrt.<\/p>\n<p>Die Speicherung der Cookies k\u00f6nnen Sie durch eine entsprechende Einstellung ihrer Browser-Software verhindern. Eventuell k\u00f6nnen dann nicht s\u00e4mtliche Funktionen der Website vollumf\u00e4nglich genutzt werden.<br \/>\nAu\u00dferdem k\u00f6nnen Sie die Erfassung der durch das Cookie erzeugten und auf ihre Nutzung des Onlineangebotes bezogenen Daten an Google sowie die Verarbeitung dieser Daten durch Google verhindern, indem sie das unter dem folgenden Link verf\u00fcgbare Browser- Plugin herunterladen und installieren: http:\/\/tools.google.com\/dlpage\/gaoptout?hl=de. M\u00f6glich ist auch das Setzen eines Opt-Out-Cookie, das die zuk\u00fcnftige Erfassung Ihrer Daten beim Besuch unserer Website verhindert. Hinweise zur Einbindung eines Opt-Out-Cookies finden Sie unter: http:\/\/developers.google.com\/analytics\/devguides\/collection\/gajs\/?hl=de#disable.<\/p>\n<p>Weitere Informationen zur Datennutzung durch Google, Einstellungen und Widerspruchs- m\u00f6glichkeiten erhalten Sie auf den Webseiten von Google: https:\/\/www.google.com\/intl\/de\/policies\/privacy\/partners\/ (\u201eDatennutzung durch Google bei Ihrer Nutzung von Websites oder Apps unserer Partner\u201c), http:\/\/www.google.com\/policies\/technologies\/ads (\u201eWerbung\u201c).<\/p>\n<p>Facebook Plug-In<\/p>\n<p>Auf unserer Website werden sogenannte Social Plug Ins (&#8222;Plug-Ins&#8220;) des sozialen Netzwerkes facebook.com verwendet, welches von der Facebook Inc., 1601 S. California Ave, Palo Alto, CA 94304, USA betrieben wird (&#8222;Facebook&#8220;). Diese Plug Ins sind mit einem Facebook Logo gekennzeichnet.<\/p>\n<p>Wenn Sie unsere Website aufrufen, baut Ihr Browser eine direkte Verbindung mit den Servern von Facebook auf. Der Inhalt des Plug Ins wird von Facebook direkt an Ihren Browser \u00fcbermittelt und von diesem in die Webseite eingebunden. Durch die Einbindung der Plug Ins erh\u00e4lt Facebook die Information, dass Sie die entsprechende Seite unserer Website aufgerufen haben. Sind Sie bei Facebook eingeloggt, kann Facebook den Besuch Ihrem Facebook-Konto zuordnen. Bitte beachten Sie, dass ein Austausch dieser Information bereits mit dem Besuch unserer Website stattfindet, unabh\u00e4ngig davon, ob Sie mit den Plug Ins interagieren. Wenn Sie mit den Plug Ins interagieren, zum Beispiel den &#8222;Gef\u00e4llt mir&#8220; Button bet\u00e4tigen, wird die entsprechende Information von Ihrem Browser direkt an Facebook \u00fcbermittelt und dort gespeichert. Zweck und Umfang der Datenerhebung und die weitere Verarbeitung und Nutzung der Daten durch Facebook sowie Ihre diesbez\u00fcglichen Rechte und Einstellungsm\u00f6glichkeiten zum Schutz Ihrer Privatsph\u00e4re entnehmen Sie bitte den Datenschutzhinweisen von Facebook (http:\/\/www.facebook.com\/policy.php).<\/p>\n<p>Wenn Sie nicht m\u00f6chten, dass Facebook \u00fcber unseren Website Daten \u00fcber Sie sammelt, m\u00fcssen Sie sich vor dem Besuch unserer Website bei Facebook ausloggen.<\/p>\n<\/div>\n<\/div>\n<\/div>\n<div class=\"page\" title=\"Page 4\">\n<div class=\"layoutArea\">\n<div class=\"column\">\n<p>Google Maps<\/p>\n<p>Unsere Website benutzt Google Maps zur Darstellung von Karten und zur Erstellung von Anfahrtspl\u00e4nen.<\/p>\n<p>Google Maps wird von Google Inc., 1600 Amphitheatre Parkway, Mountain View, CA 94043, USA betrieben.<\/p>\n<p>Durch den Besuch auf der Website erh\u00e4lt Google Informationen dar\u00fcber, dass Sie die entsprechende Seite unseres Webauftrittes aufgerufen haben. Dies erfolgt auch unabh\u00e4ngig davon, ob sie ein Nutzerkonto bei Google haben oder \u00fcber dieses eingeloggt sind. F\u00fcr den Fall, dass sie w\u00e4hrend der Nutzung der Website \u00fcber ein Nutzerkonto von Google eingeloggt sind, werden die Daten direkt ihrem Benutzerkonto zugeordnet. Wenn Sie dies nicht w\u00fcnschen, so m\u00fcssen Sie sich vor Nutzung des Dienstes ausloggen.<\/p>\n<p>Durch die Nutzung von Google Maps erkl\u00e4ren Sie sich mit der Erfassung, Bearbeitung sowie der Nutzung der automatisch erhobenen sowie der von Ihnen eingegeben Daten durch Google und ggf. von Drittanbieter einverstanden. Die Nutzungsbedingungen f\u00fcr Google Maps finden Sie unter Nutzungsbedingungen f\u00fcr Google Maps. Ausf\u00fchrliche Details finden Sie unter google.de: Transparenz und Wahlm\u00f6glichkeiten sowie Datenschutzbestimmungen. Das Ihnen zustehende Widerspruchsrecht m\u00fcssen Sie direkt gegen\u00fcber Google aus\u00fcben. \u00dcber Ihre Browsereinstellungen k\u00f6nnen Sie den Google Maps-Dienst deaktivieren (Deaktivierung des JavaScripts im Browser). Eine Nutzung ist dann nicht mehr m\u00f6glich.<\/p>\n<p>Wir beteiligen uns nicht an Verbraucherschlichtungsverfahren nach dem Verbraucherstreitbeilegungsgesetz. Bei Streitigkeiten k\u00f6nnen Sie sich an die zust\u00e4ndige Schlichtungsstelle der Landes\u00e4rztekammer<\/p>\n<\/div>\n<\/div>\n<\/div>\n","protected":false},"excerpt":{"rendered":"<p>Herzlich Willkommen im Web-Blog des Praxisteams der Fachpraxis f\u00fcr Lungen- und Bronchialheilkunde (Pneumologie), Allergologie und Umweltmedizin am Rathaus Neuk\u00f6llnIch m\u00f6chte mich zun\u00e4chst vorstellen: Dr. med. Rainer Gebhardt, *1961 in Berlin-Neuk\u00f6lln, Praxisanschrift: Karl-Marx-Str. 80, 12043 Berlin,Tel.: 030 &#8211; 624 37 62Nach einem 6-j\u00e4hrigen Studium der Medizin an der Freien Universit\u00e4t Berlin habe ich 1985 das Staatsexamen [&hellip;]<\/p>\n","protected":false},"author":1,"featured_media":0,"parent":0,"menu_order":1,"comment_status":"closed","ping_status":"closed","template":"","meta":{"footnotes":""},"class_list":["post-13","page","type-page","status-publish","hentry"],"_links":{"self":[{"href":"http:\/\/pneumovital.de\/index.php?rest_route=\/wp\/v2\/pages\/13","targetHints":{"allow":["GET"]}}],"collection":[{"href":"http:\/\/pneumovital.de\/index.php?rest_route=\/wp\/v2\/pages"}],"about":[{"href":"http:\/\/pneumovital.de\/index.php?rest_route=\/wp\/v2\/types\/page"}],"author":[{"embeddable":true,"href":"http:\/\/pneumovital.de\/index.php?rest_route=\/wp\/v2\/users\/1"}],"replies":[{"embeddable":true,"href":"http:\/\/pneumovital.de\/index.php?rest_route=%2Fwp%2Fv2%2Fcomments&post=13"}],"version-history":[{"count":2,"href":"http:\/\/pneumovital.de\/index.php?rest_route=\/wp\/v2\/pages\/13\/revisions"}],"predecessor-version":[{"id":112,"href":"http:\/\/pneumovital.de\/index.php?rest_route=\/wp\/v2\/pages\/13\/revisions\/112"}],"wp:attachment":[{"href":"http:\/\/pneumovital.de\/index.php?rest_route=%2Fwp%2Fv2%2Fmedia&parent=13"}],"curies":[{"name":"wp","href":"https:\/\/api.w.org\/{rel}","templated":true}]}}